{"id":101,"date":"2018-12-20T15:22:21","date_gmt":"2018-12-20T14:22:21","guid":{"rendered":"http:\/\/www.haantv.de\/?page_id=101"},"modified":"2022-08-17T08:06:45","modified_gmt":"2022-08-17T06:06:45","slug":"verkauf","status":"publish","type":"page","link":"https:\/\/haaner-kirmes.de\/index.php\/verkauf\/","title":{"rendered":"Verkauf"},"content":{"rendered":"\n<p>Recht vielseitig ist das Angebot der Verkaufsgesch\u00e4fte:<\/p>\n\n\n\n<p>Gebrannte Mandeln, Popcorn, Zuckerwatte, Paradies\u00e4pfel, Lebkuchenherzen, Cocosn\u00fcsse, Eis und Hawaii-Fr\u00fcchte sind neben vielen anderen S\u00fc\u00dfigkeiten und auch herzhafte Kleinigkeiten wie z.B. Salzmandeln oder sauren Gurken von der Kirmes nicht wegzudenken, ebenso Spielwaren und Luftballons.<\/p>\n\n\n\n<p>Mehr als 30 Gesch\u00e4fte bieten hier die verschiedensten Spezialit\u00e4ten an.<\/p>\n\n\n\n<p>An 30 weiteren St\u00e4nden kann der Besucher u.a.<\/p>\n\n\n\n<p>Modeschmuck, Kunsthandwerk, Haarschmuck, Geschenkartikel, Gl\u00fcckwunschsteine, Seidenblumen, Mineralien, Pop- u. Trendartikel, Lederg\u00fcrtel, ital. Folklore sowie bedruckte T-Shirts und Tassen mit Fotos und Schl\u00fcsselanh\u00e4nger erwerben.<\/p>\n\n\n\n<p><strong>Und erneut dabei ist der Herzenmacher, der Ihnen ein Lebkuchenherz mit Ihrem Wunschspruch direkt vor Ort fertigt<\/strong>, ein tolles Geschenk oder Mitbringsel. <\/p>\n\n\n\n<p><\/p>\n","protected":false},"excerpt":{"rendered":"<p>Recht vielseitig ist das Angebot der Verkaufsgesch\u00e4fte: Gebrannte Mandeln, Popcorn, Zuckerwatte, Paradies\u00e4pfel, Lebkuchenherzen, Cocosn\u00fcsse, Eis und Hawaii-Fr\u00fcchte sind neben vielen anderen S\u00fc\u00dfigkeiten und auch herzhafte Kleinigkeiten wie z.B. Salzmandeln oder sauren Gurken von der Kirmes nicht wegzudenken, ebenso Spielwaren und Luftballons. Mehr als 30 Gesch\u00e4fte bieten hier die verschiedensten Spezialit\u00e4ten an. An 30 weiteren St\u00e4nden &#8230; <a title=\"Verkauf\" class=\"read-more\" href=\"https:\/\/haaner-kirmes.de\/index.php\/verkauf\/\" aria-label=\"Mehr zu Verkauf\">Read more<\/a><\/p>\n","protected":false},"author":1,"featured_media":0,"parent":0,"menu_order":0,"comment_status":"closed","ping_status":"closed","template":"","meta":[],"_links":{"self":[{"href":"https:\/\/haaner-kirmes.de\/index.php\/wp-json\/wp\/v2\/pages\/101"}],"collection":[{"href":"https:\/\/haaner-kirmes.de\/index.php\/wp-json\/wp\/v2\/pages"}],"about":[{"href":"https:\/\/haaner-kirmes.de\/index.php\/wp-json\/wp\/v2\/types\/page"}],"author":[{"embeddable":true,"href":"https:\/\/haaner-kirmes.de\/index.php\/wp-json\/wp\/v2\/users\/1"}],"replies":[{"embeddable":true,"href":"https:\/\/haaner-kirmes.de\/index.php\/wp-json\/wp\/v2\/comments?post=101"}],"version-history":[{"count":3,"href":"https:\/\/haaner-kirmes.de\/index.php\/wp-json\/wp\/v2\/pages\/101\/revisions"}],"predecessor-version":[{"id":963,"href":"https:\/\/haaner-kirmes.de\/index.php\/wp-json\/wp\/v2\/pages\/101\/revisions\/963"}],"wp:attachment":[{"href":"https:\/\/haaner-kirmes.de\/index.php\/wp-json\/wp\/v2\/media?parent=101"}],"curies":[{"name":"wp","href":"https:\/\/api.w.org\/{rel}","templated":true}]}}