{"id":1025,"date":"2023-03-29T15:04:13","date_gmt":"2023-03-29T13:04:13","guid":{"rendered":"https:\/\/www.haaner-kirmes.de\/?page_id=1025"},"modified":"2025-11-13T14:03:18","modified_gmt":"2025-11-13T13:03:18","slug":"informationen-fuer-schausteller","status":"publish","type":"page","link":"https:\/\/haaner-kirmes.de\/index.php\/informationen-fuer-schausteller\/","title":{"rendered":"Informationen f\u00fcr Schausteller"},"content":{"rendered":"\n<p>Die Haaner Kirmes wird von der Stadt Haan organisiert. Zust\u00e4ndig innerhalb der Verwaltung ist das Amt f\u00fcr Brandschutz, Recht und \u00f6ffentliche Ordnung.<\/p>\n\n\n\n<p><strong>Bewerbungen<\/strong>&nbsp;zu der Veranstaltung bitte nur <strong>schriftlich<\/strong> mit allen \u00fcblichen Angaben wie<\/p>\n\n\n\n<ul><li>Vor- und Zuname des\/der Bewerbenden mit st\u00e4ndiger Anschrift und Telefonnummer<\/li><li>Angabe \u00fcber die erforderlichen Stromanschl\u00fcsse (KW-Zahlen sind unbedingt anzugeben!)<\/li><li>Ausma\u00dfe des Gesch\u00e4ftes (Front, Tiefe, H\u00f6he) einschl. blinder Fronten<\/li><li>Kopie der Reisegewerbekarte\/ des Gewerberegisterauszugs<\/li><li>Kopie des Bescheides \u00fcber eine Haftpflichtversicherung<\/li><\/ul>\n\n\n\n<p> und aktuellen Fotos an die nachstehende Anschrift einreichen.<\/p>\n\n\n\n<p><strong>Postanschrift<\/strong><\/p>\n\n\n\n<p>Stadt Haan<\/p>\n\n\n\n<p>Der B\u00fcrgermeister<strong><br><\/strong>Amt f\u00fcr Brandschutz, Recht und \u00f6ffentliche Ordnung<br>Kaiserstr. 85<br>42781 Haan<\/p>\n\n\n\n<p>Telefon (Zentrale): 02129 \/ 911-0<br>Fax: 02129 \/ 911-590<\/p>\n\n\n\n<p><strong>Ausk\u00fcnfte erteilt:<\/strong><\/p>\n\n\n\n<p>Frau Kotthaus, Tel. 02129\/911-160<\/p>\n\n\n\n<p>E-Mail: Kirmes@stadt-haan.de<\/p>\n\n\n\n<p><strong>E-Mail-Bewerbungen bleiben aus organisatorischen Gr\u00fcnden unber\u00fccksichtig<\/strong>t!<\/p>\n\n\n\n<p>Ust-Id-Nr. DE121396732<\/p>\n","protected":false},"excerpt":{"rendered":"<p>Die Haaner Kirmes wird von der Stadt Haan organisiert. Zust\u00e4ndig innerhalb der Verwaltung ist das Amt f\u00fcr Brandschutz, Recht und \u00f6ffentliche Ordnung. Bewerbungen&nbsp;zu der Veranstaltung bitte nur schriftlich mit allen \u00fcblichen Angaben wie Vor- und Zuname des\/der Bewerbenden mit st\u00e4ndiger Anschrift und Telefonnummer Angabe \u00fcber die erforderlichen Stromanschl\u00fcsse (KW-Zahlen sind unbedingt anzugeben!) Ausma\u00dfe des Gesch\u00e4ftes &#8230; <a title=\"Informationen f\u00fcr Schausteller\" class=\"read-more\" href=\"https:\/\/haaner-kirmes.de\/index.php\/informationen-fuer-schausteller\/\" aria-label=\"Mehr zu Informationen f\u00fcr Schausteller\">Read more<\/a><\/p>\n","protected":false},"author":2,"featured_media":0,"parent":0,"menu_order":0,"comment_status":"closed","ping_status":"closed","template":"","meta":[],"_links":{"self":[{"href":"https:\/\/haaner-kirmes.de\/index.php\/wp-json\/wp\/v2\/pages\/1025"}],"collection":[{"href":"https:\/\/haaner-kirmes.de\/index.php\/wp-json\/wp\/v2\/pages"}],"about":[{"href":"https:\/\/haaner-kirmes.de\/index.php\/wp-json\/wp\/v2\/types\/page"}],"author":[{"embeddable":true,"href":"https:\/\/haaner-kirmes.de\/index.php\/wp-json\/wp\/v2\/users\/2"}],"replies":[{"embeddable":true,"href":"https:\/\/haaner-kirmes.de\/index.php\/wp-json\/wp\/v2\/comments?post=1025"}],"version-history":[{"count":14,"href":"https:\/\/haaner-kirmes.de\/index.php\/wp-json\/wp\/v2\/pages\/1025\/revisions"}],"predecessor-version":[{"id":1367,"href":"https:\/\/haaner-kirmes.de\/index.php\/wp-json\/wp\/v2\/pages\/1025\/revisions\/1367"}],"wp:attachment":[{"href":"https:\/\/haaner-kirmes.de\/index.php\/wp-json\/wp\/v2\/media?parent=1025"}],"curies":[{"name":"wp","href":"https:\/\/api.w.org\/{rel}","templated":true}]}}