{"id":131,"date":"2018-12-20T15:44:34","date_gmt":"2018-12-20T14:44:34","guid":{"rendered":"http:\/\/www.haantv.de\/?page_id=131"},"modified":"2023-08-05T15:43:18","modified_gmt":"2023-08-05T13:43:18","slug":"anreise-parken","status":"publish","type":"page","link":"https:\/\/haaner-kirmes.de\/index.php\/anreise-parken\/","title":{"rendered":"Anreise &#038; Parken, Umleitungsplan"},"content":{"rendered":"\n<p><strong>Anreise mit dem Auto<\/strong><br>Parkpl\u00e4tze sind w\u00e4hrend der Haaner Kirmes Mangelware, denn dort, wo sonst geparkt wird, findet das Kirmesgeschehen statt. Deshalb empfehlen wir m\u00f6glichst vom \u00f6ffentlichen Personennahverkehr Gebrauch zu machen. Die Rheinbahn und die Solinger Stadtwerke sind bestens ger\u00fcstet. Beide Unternehmen richten an allen Kirmestagen einen Sp\u00e4tverkehr bis Mitternacht ein.<\/p>\n\n\n\n<p>Und nicht vergessen: \u201eOhne Auto feiert es sich viel unbeschwerter\u201c<\/p>\n\n\n\n<p>Sollte dennoch auf das Auto nicht verzichtet werden:<br>Zwei Tiefgaragen direkt am Kirmesgel\u00e4nde sind an allen Kirmestagen bis Mitternacht ge\u00f6ffnet.<\/p>\n\n\n\n<p>Tagesh\u00f6chstpreis nur 7,00 \u20ac !<\/p>\n\n\n\n<p>Sie finden die Tiefgaragenzufahrten in der Tiefgarage am Schillerpark, Schillerstra\u00dfe, und die Tiefgarage Dieker Str., w\u00e4hrend der Spielzeitend er Haaner Kirmes Zufahrt nur \u00fcber die Ellscheider Stra\u00dfe.<\/p>\n\n\n\n<p>Die Zufahrten sind gut ausgeschildert und sollten Sie sie nicht finden k\u00f6nnen, 40 Verkehrskadetten in Ihren leuchtend orangen Uniformen sind in den Hauptzeiten im Einsatz und beraten Sie gerne.<\/p>\n\n\n\n<p><\/p>\n\n\n\n<p><strong>\u00d6ffentlicher Personennahverkehr<\/strong>: <strong>Mit Bus und Bahn zur Achterbahn!<\/strong><br>Aus Richtung Westen:<br>D\u00fcsseldorf-S\u00fcdallee und Benrath, Hilden<br>Linie 784, Rheinbahn, bis Windh\u00f6vel direkt am Kirmesplatz<\/p>\n\n\n\n<p>D\u00fcsseldorf-Mitte<br>Linie SB 50, Rheinbahn, bis Windh\u00f6vel, direkt am Kirmesplatz<\/p>\n\n\n\n<p>ab Erkrath-Hochdahl<br>Linie 786, Rheinbahn, bis Windh\u00f6vel, direkt am Kirmesgel\u00e4nde<\/p>\n\n\n\n<p>*Aus Richtung S\u00fcden: (Neue Haltestelle) *<br>Solingen<br>Linie 692, Solinger Stadtwerke, bis Endstation K\u00f6nigstr. direkt am Kirmesgel\u00e4nde (Haltestelle auf der K\u00f6nigstra\u00dfe \/ Ecke Bismarckstra\u00dfe)<\/p>\n\n\n\n<p>Solingen-Ohligs und Hilden-Ost<br>Linie 792, Rheinbahn, bis Windh\u00f6vel direkt am Kirmesgel\u00e4nde<\/p>\n\n\n\n<p>Aus Richtung Osten:<br>Wuppertal (ab Vohwinkel)<br>Linie 784, bis Lessingstr. (5 Minuten Fu\u00dfweg) oder Windh\u00f6vel direkt am Kirmesgel\u00e4nde<\/p>\n\n\n\n<p>Aus Richtung Norden:<br>ab Mettmann<br>Linie 742, Rheinbahn, bis Lessingstr. (5 Minuten Fu\u00dfweg) oder Windh\u00f6vel direkt am Kirmesgel\u00e4nde<\/p>\n\n\n\n<p>Innerhalb des Stadtgebietes:<br>f\u00e4hrt die Ortsbuslinie 01 immer das Kirmesgel\u00e4nde an der Haltestelle Windh\u00f6vel (aus Richtung Norden auch Lessingstr.) an.<\/p>\n\n\n\n<p>S-Bahn<br>Linie S 8, M\u00f6nchengladbach \u2013 Hagen und umgekehrt, Deutsche Bahn AG,<br>bis Bahnhof Haan-Gruiten, dort Umstieg in die Ortsbuslinie O1 oder Linie 742<br>oder bis Bahnhof Vohwinkel, dort Umstieg in die Linie 784<\/p>\n\n\n\n<p>Nahverkehrsz\u00fcge:<br>Strecke Wuppertal \u2013 K\u00f6ln oder umgekehrt<br>bis Bahnhof Haan, Fu\u00dfweg 10 Minuten oder Umstieg in alle von dort in Richtung Innenstadt fahrenden Buslinien<\/p>\n\n\n\n<p>Strecke Wuppertal \u2013 D\u00fcsseldorf oder umgekehrt bis Bahnhof Haan-Gruiten<br>oder Vohwinkel<br>weiter wie S-Bahn, siehe oben<\/p>\n\n\n\n<h2><strong>Verkehrsf\u00fchrung und Umleitungen <\/strong><\/h2>\n\n\n\n<h2><strong>w\u00e4hrend der<\/strong> <strong>Haaner Kirmes<\/strong><\/h2>\n\n\n\n<p><\/p>\n\n\n\n<figure class=\"wp-block-image size-large\"><img loading=\"lazy\" width=\"1024\" height=\"675\" src=\"https:\/\/www.haaner-kirmes.de\/wp-content\/uploads\/2022\/09\/verkehrsfuehrung-1024x675.png\" alt=\"\" class=\"wp-image-995\" srcset=\"https:\/\/haaner-kirmes.de\/wp-content\/uploads\/2022\/09\/verkehrsfuehrung-1024x675.png 1024w, https:\/\/haaner-kirmes.de\/wp-content\/uploads\/2022\/09\/verkehrsfuehrung-300x198.png 300w, https:\/\/haaner-kirmes.de\/wp-content\/uploads\/2022\/09\/verkehrsfuehrung-768x507.png 768w, https:\/\/haaner-kirmes.de\/wp-content\/uploads\/2022\/09\/verkehrsfuehrung.png 1046w\" sizes=\"(max-width: 1024px) 100vw, 1024px\" \/><\/figure>\n","protected":false},"excerpt":{"rendered":"<p>Anreise mit dem AutoParkpl\u00e4tze sind w\u00e4hrend der Haaner Kirmes Mangelware, denn dort, wo sonst geparkt wird, findet das Kirmesgeschehen statt. Deshalb empfehlen wir m\u00f6glichst vom \u00f6ffentlichen Personennahverkehr Gebrauch zu machen. Die Rheinbahn und die Solinger Stadtwerke sind bestens ger\u00fcstet. Beide Unternehmen richten an allen Kirmestagen einen Sp\u00e4tverkehr bis Mitternacht ein. Und nicht vergessen: \u201eOhne Auto &#8230; <a title=\"Anreise &#038; Parken, Umleitungsplan\" class=\"read-more\" href=\"https:\/\/haaner-kirmes.de\/index.php\/anreise-parken\/\" aria-label=\"Mehr zu Anreise &#038; Parken, Umleitungsplan\">Read more<\/a><\/p>\n","protected":false},"author":1,"featured_media":0,"parent":0,"menu_order":0,"comment_status":"closed","ping_status":"closed","template":"","meta":[],"_links":{"self":[{"href":"https:\/\/haaner-kirmes.de\/index.php\/wp-json\/wp\/v2\/pages\/131"}],"collection":[{"href":"https:\/\/haaner-kirmes.de\/index.php\/wp-json\/wp\/v2\/pages"}],"about":[{"href":"https:\/\/haaner-kirmes.de\/index.php\/wp-json\/wp\/v2\/types\/page"}],"author":[{"embeddable":true,"href":"https:\/\/haaner-kirmes.de\/index.php\/wp-json\/wp\/v2\/users\/1"}],"replies":[{"embeddable":true,"href":"https:\/\/haaner-kirmes.de\/index.php\/wp-json\/wp\/v2\/comments?post=131"}],"version-history":[{"count":7,"href":"https:\/\/haaner-kirmes.de\/index.php\/wp-json\/wp\/v2\/pages\/131\/revisions"}],"predecessor-version":[{"id":1175,"href":"https:\/\/haaner-kirmes.de\/index.php\/wp-json\/wp\/v2\/pages\/131\/revisions\/1175"}],"wp:attachment":[{"href":"https:\/\/haaner-kirmes.de\/index.php\/wp-json\/wp\/v2\/media?parent=131"}],"curies":[{"name":"wp","href":"https:\/\/api.w.org\/{rel}","templated":true}]}}