{"id":148,"date":"2018-12-20T16:33:49","date_gmt":"2018-12-20T15:33:49","guid":{"rendered":"http:\/\/www.haantv.de\/?page_id=148"},"modified":"2018-12-20T16:33:49","modified_gmt":"2018-12-20T15:33:49","slug":"werbung","status":"publish","type":"page","link":"https:\/\/haaner-kirmes.de\/index.php\/werbung\/","title":{"rendered":"Werbung"},"content":{"rendered":"\n<p><strong>Sie suchen:<\/strong><br>\nDas ganz besondere Vergn\u00fcgen?<br>\nEtwas Nervenkitzel?<br>\nSpeisen und Getr\u00e4nke in riesiger Auswahl?<\/p>\n\n\n\n<p><strong>Sie wollen:<\/strong><br>\nMal wieder richtig feiern?<br>\nEine bunte Erlebniswelt?<br>\nLeuten beim Flanieren zusehen?<br>\nMit der Familie einen Ausflug genie\u00dfen?<\/p>\n\n\n\n<p><strong>Wo?<\/strong><br>\nNat\u00fcrlich auf der Haaner Kirmes ! \u00dcber 200 Schaustellerbetriebe sorgen f\u00fcr Ihre perfekte Unterhaltung und jedes Jahr \u00fcber 400.000 Besucher k\u00f6nnen nicht irren! <br>\nEin Volksfest der ganz besonderen Art !!<\/p>\n\n\n\n<figure class=\"wp-block-image alignwide\"><img src=\"\/wp-content\/uploads\/2018\/12\/header_werbung.jpg\" alt=\"\"\/><\/figure>\n\n\n\n<p><strong>Immer Ende September<\/strong><br>\n\u00dcber 200 Schaustellerbetriebe sorgen f\u00fcr Ihre perfekte Unterhaltung und jedes Jahr \u00fcber 400.000 Besucher k\u00f6nnen nicht irren!<\/p>\n\n\n\n<p>Haaner Kirmes \u2013 die gr\u00f6\u00dfte Kirmes im Bergischen Land mit dem einzigartigen Flair einer Kirmes in den Stra\u00dfen und auf den Pl\u00e4tzen in der Innenstadt .<\/p>\n","protected":false},"excerpt":{"rendered":"<p>Sie suchen: Das ganz besondere Vergn\u00fcgen? Etwas Nervenkitzel? Speisen und Getr\u00e4nke in riesiger Auswahl? Sie wollen: Mal wieder richtig feiern? Eine bunte Erlebniswelt? Leuten beim Flanieren zusehen? Mit der Familie einen Ausflug genie\u00dfen? Wo? Nat\u00fcrlich auf der Haaner Kirmes ! \u00dcber 200 Schaustellerbetriebe sorgen f\u00fcr Ihre perfekte Unterhaltung und jedes Jahr \u00fcber 400.000 Besucher k\u00f6nnen &#8230; <a title=\"Werbung\" class=\"read-more\" href=\"https:\/\/haaner-kirmes.de\/index.php\/werbung\/\" aria-label=\"Mehr zu Werbung\">Read more<\/a><\/p>\n","protected":false},"author":1,"featured_media":0,"parent":0,"menu_order":0,"comment_status":"closed","ping_status":"closed","template":"","meta":[],"_links":{"self":[{"href":"https:\/\/haaner-kirmes.de\/index.php\/wp-json\/wp\/v2\/pages\/148"}],"collection":[{"href":"https:\/\/haaner-kirmes.de\/index.php\/wp-json\/wp\/v2\/pages"}],"about":[{"href":"https:\/\/haaner-kirmes.de\/index.php\/wp-json\/wp\/v2\/types\/page"}],"author":[{"embeddable":true,"href":"https:\/\/haaner-kirmes.de\/index.php\/wp-json\/wp\/v2\/users\/1"}],"replies":[{"embeddable":true,"href":"https:\/\/haaner-kirmes.de\/index.php\/wp-json\/wp\/v2\/comments?post=148"}],"version-history":[{"count":1,"href":"https:\/\/haaner-kirmes.de\/index.php\/wp-json\/wp\/v2\/pages\/148\/revisions"}],"predecessor-version":[{"id":149,"href":"https:\/\/haaner-kirmes.de\/index.php\/wp-json\/wp\/v2\/pages\/148\/revisions\/149"}],"wp:attachment":[{"href":"https:\/\/haaner-kirmes.de\/index.php\/wp-json\/wp\/v2\/media?parent=148"}],"curies":[{"name":"wp","href":"https:\/\/api.w.org\/{rel}","templated":true}]}}