{"id":28,"date":"2018-12-20T14:00:15","date_gmt":"2018-12-20T13:00:15","guid":{"rendered":"http:\/\/www.haantv.de\/?page_id=28"},"modified":"2026-04-06T17:43:56","modified_gmt":"2026-04-06T15:43:56","slug":"home","status":"publish","type":"page","link":"https:\/\/haaner-kirmes.de\/index.php\/home\/","title":{"rendered":"Herzlich willkommen auf der Homepage der Haaner Kirmes"},"content":{"rendered":"\n<p><\/p>\n\n\n\n<center><h1>Herzlich willkommen auf der Homepage der Haaner Kirmes! <br> <\/h1><\/center>\n\n\n\n<h2><\/h2>\n\n\n\n<div class=\"wp-block-image\"><figure class=\"aligncenter\"><img loading=\"lazy\" width=\"810\" height=\"1024\" src=\"\/wp-content\/uploads\/2018\/12\/kirmesplakat-810x1024.png\" alt=\"\" class=\"wp-image-25\" srcset=\"https:\/\/haaner-kirmes.de\/wp-content\/uploads\/2018\/12\/kirmesplakat-810x1024.png 810w, https:\/\/haaner-kirmes.de\/wp-content\/uploads\/2018\/12\/kirmesplakat-237x300.png 237w, https:\/\/haaner-kirmes.de\/wp-content\/uploads\/2018\/12\/kirmesplakat-768x971.png 768w\" sizes=\"(max-width: 810px) 100vw, 810px\" \/><\/figure><\/div>\n\n\n\n<h2><strong>Grusswort des B\u00fcrgermeisters der Stadt Haan<\/strong><\/h2>\n\n\n\n<button id=\"bb1\" type=\"button\" value=\"Play\" class=\"responsivevoice-button\" title=\"ResponsiveVoice Tap to Start\/Stop Speech\"><span>&#128266; Play<\/span><\/button>\n        <script>\n            bb1.onclick = function(){\n                if(responsiveVoice.isPlaying()){\n                    responsiveVoice.cancel();\n                }else{\n                    responsiveVoice.speak(\"Liebe G\u00e4ste und Kirmesfreunde,liebe B\u00fcrgerinnen und B\u00fcrger in Haan und Gruiten! Herzlich Willkommen auf der Haaner Kirmes! Als geb\u00fcrtiger Haaner bin ich mit der Kirmes aufgewachsen \u2013 sie z\u00e4hlt f\u00fcr mich seit Kindertagen zu den sch\u00f6nsten Zeiten des Jahres. Umso mehr freue ich mich, Sie in unserer Gartenstadt herzlich willkommen zu hei\u00dfen und gemeinsam mit Ihnen die besondere Kirmesatmosph\u00e4re zu genie\u00dfen. Die Haaner Kirmes ist ein Publikumsmagnet f\u00fcr die gesamte Region und lockt Jahr f\u00fcr Jahr Hunderttausende Besucherinnen und Besucher in unsere sch\u00f6ne Gartenstadt. Unter den Kirmesfreunden hat sie eine treue Fangemeinde und auch in der Schaustellerbranche ist sie beliebt. Rund 200 Fahrgesch\u00e4fte und St\u00e4nde verteilen sich \u00fcber die gesamte Innenstadt. Aneinandergereiht erg\u00e4be sich eine Strecke von fast zwei Kilometern auf etwa 35.000 qm Fl\u00e4che. Das Organisationsteam der Stadt w\u00e4hlt jedes Jahr sorgf\u00e4ltig unter den vielen Bewerbungen aus, um Bekanntes und Bew\u00e4hrtes mit neuen Attraktionen zu kombinieren und Ihnen ein abwechslungsreiches Angebot zu bieten. Trotz ihrer Gr\u00f6\u00dfe bleibt die Haaner Kirmes aber vor allem eins: Ein Familienfest, das alle Generation verbindet. Hier treffen sich Jung und Alt, Familie und Freunde, Schulklassen und Arbeitskollegen. F\u00fcr eine Woche im September bestimmt die Kirmes das \u00f6ffentliche Leben, denn sie wird im Herzen unserer Stadt aufgebaut. Das macht auch den besonderen Charme unserer Kirmes aus. Dass wir diese Tage fr\u00f6hlich und unbeschwert miteinander verbringen k\u00f6nnen, ist alles andere als selbstverst\u00e4ndlich. Mein besonderer Dank gilt daher dem Organisationsteam, den Schaustellerinnen und Schaustellern und vor allem den Kolleginnen und Kollegen von Polizei, Feuerwehr, Rettungsdiensten und Verwaltung, die rund um die Uhr im Einsatz sind. Ebenso danke ich den Anwohnenden und dem Einzelhandel in der Haaner Innenstadt, die das bunte Treiben mit Freude, Geduld und Verst\u00e4ndnis unterst\u00fctzen und mittragen. Genie\u00dfen Sie die Kirmestage im Kreise von Familie, Freunden und Kolleginnen und Kollegen und feiern Sie mit uns eine friedliche, unbeschwerte und fr\u00f6hliche Haaner Kirmeszeit! Es gr\u00fc\u00dft Sie herzlich Ihr Vincent Endere\u00df B\u00fcrgermeister der Stadt Haan\", \"Deutsch Female\");\n                }\n            };\n        <\/script>\n    <\/p>\n\n\n\n<p>Liebe G\u00e4ste und Kirmesfreunde,<br>liebe B\u00fcrgerinnen und B\u00fcrger in Haan und Gruiten!<\/p>\n\n\n\n<p>Herzlich Willkommen auf der Haaner Kirmes!<\/p>\n\n\n\n<p>Als geb\u00fcrtiger Haaner bin ich mit der Kirmes aufgewachsen \u2013 sie z\u00e4hlt f\u00fcr mich seit Kindertagen zu den sch\u00f6nsten Zeiten des Jahres. Umso mehr freue ich mich, Sie in unserer Gartenstadt herzlich willkommen zu hei\u00dfen und gemeinsam mit Ihnen die besondere Kirmesatmosph\u00e4re zu genie\u00dfen.<\/p>\n\n\n\n<p>Die Haaner Kirmes ist ein Publikumsmagnet f\u00fcr die gesamte Region und lockt Jahr f\u00fcr Jahr Hunderttausende Besucherinnen und Besucher in unsere sch\u00f6ne Gartenstadt. Unter den Kirmesfreunden hat sie eine treue Fangemeinde und auch in der Schaustellerbranche ist sie beliebt. Rund 200 Fahrgesch\u00e4fte und St\u00e4nde verteilen sich \u00fcber die gesamte Innenstadt. Aneinandergereiht erg\u00e4be sich eine Strecke von fast zwei Kilometern auf etwa 35.000 qm Fl\u00e4che. Das Organisationsteam der Stadt w\u00e4hlt jedes Jahr sorgf\u00e4ltig unter den vielen Bewerbungen aus, um Bekanntes und Bew\u00e4hrtes mit neuen Attraktionen zu kombinieren und Ihnen ein abwechslungsreiches Angebot zu bieten.<\/p>\n\n\n\n<p>Trotz ihrer Gr\u00f6\u00dfe bleibt die Haaner Kirmes aber vor allem eins: Ein Familienfest, das alle Generation verbindet. Hier treffen sich Jung und Alt, Familie und Freunde, Schulklassen und Arbeitskollegen. F\u00fcr eine Woche im September bestimmt die Kirmes das \u00f6ffentliche Leben, denn sie wird im Herzen unserer Stadt aufgebaut. Das macht auch den besonderen Charme unserer Kirmes aus.<\/p>\n\n\n\n<p>Dass wir diese Tage fr\u00f6hlich und unbeschwert miteinander verbringen k\u00f6nnen, ist alles andere als selbstverst\u00e4ndlich. Mein besonderer Dank gilt daher dem Organisationsteam, den Schaustellerinnen und Schaustellern und vor allem den Kolleginnen und Kollegen von Polizei, Feuerwehr, Rettungsdiensten und Verwaltung, die rund um die Uhr im Einsatz sind. Ebenso danke ich den Anwohnenden und dem Einzelhandel in der Haaner Innenstadt, die das bunte Treiben mit Freude, Geduld und Verst\u00e4ndnis unterst\u00fctzen und mittragen.<\/p>\n\n\n\n<p>Genie\u00dfen Sie die Kirmestage im Kreise von Familie, Freunden und Kolleginnen und Kollegen und feiern Sie mit uns eine friedliche, unbeschwerte und fr\u00f6hliche Haaner Kirmeszeit!<\/p>\n\n\n\n<p>Es gr\u00fc\u00dft Sie herzlich Ihr<\/p>\n\n\n\n<p>Vincent Endere\u00df<\/p>\n\n\n\n<p>B\u00fcrgermeister der Stadt Haan\n\n\n\n<audio id=\"bgAudio\" autoplay=\"\" src=\"\/sounds\/orgelmusik_ls_50199.mp3\" volume=\"0.1\"><\/audio>\n<script>\n  var audio = document.getElementById(\"bgAudio\");\n  audio.volume = 0.1;\n<\/script>\n\n\n\n<style>\n.home {\n\tbackground-image: url(\/wp-content\/uploads\/2018\/12\/ballons-2000.png);\n}\n.site-main { padding-left: 10px;padding-right: 10px;}\n<\/style>\n\n\n\n<p>\n\nWir freuen uns \u00fcber Ihr Interesse und hoffen, dass wir auf den n\u00e4chsten Seiten ein informatives Angebot f\u00fcr Sie zusammengestellt haben.\n\n<\/p>\n\n\n\n<h1>Die sch\u00f6nste Open-Air Kirmeser\u00f6ffnung in NRW!<\/h1>\n\n\n\n<p><strong>Er\u00f6ffnung am Riesenrad auf dem Neuen Markt <\/strong><\/p>\n\n\n\n<p><\/p>\n\n\n\n<ul><li><strong>Gru\u00dfworte und Segen der Kirche<\/strong><\/li><\/ul>\n\n\n\n<ul><li><strong>Gru\u00dfworte der Schausteller<\/strong><\/li><\/ul>\n\n\n\n<ul><li><strong>Gru\u00dfworte und Fassanstich durch B\u00fcrgermeister Vincent Endere\u00df<\/strong><\/li><\/ul>\n\n\n\n<p><\/p>\n","protected":false},"excerpt":{"rendered":"<p>Herzlich willkommen auf der Homepage der Haaner Kirmes! Grusswort des B\u00fcrgermeisters der Stadt Haan Wir freuen uns \u00fcber Ihr Interesse und hoffen, dass wir auf den n\u00e4chsten Seiten ein informatives Angebot f\u00fcr Sie zusammengestellt haben. Die sch\u00f6nste Open-Air Kirmeser\u00f6ffnung in NRW! Er\u00f6ffnung am Riesenrad auf dem Neuen Markt Gru\u00dfworte und Segen der Kirche Gru\u00dfworte der &#8230; <a title=\"Herzlich willkommen auf der Homepage der Haaner Kirmes\" class=\"read-more\" href=\"https:\/\/haaner-kirmes.de\/index.php\/home\/\" aria-label=\"Mehr zu Herzlich willkommen auf der Homepage der Haaner Kirmes\">Read more<\/a><\/p>\n","protected":false},"author":1,"featured_media":0,"parent":0,"menu_order":0,"comment_status":"closed","ping_status":"closed","template":"","meta":[],"_links":{"self":[{"href":"https:\/\/haaner-kirmes.de\/index.php\/wp-json\/wp\/v2\/pages\/28"}],"collection":[{"href":"https:\/\/haaner-kirmes.de\/index.php\/wp-json\/wp\/v2\/pages"}],"about":[{"href":"https:\/\/haaner-kirmes.de\/index.php\/wp-json\/wp\/v2\/types\/page"}],"author":[{"embeddable":true,"href":"https:\/\/haaner-kirmes.de\/index.php\/wp-json\/wp\/v2\/users\/1"}],"replies":[{"embeddable":true,"href":"https:\/\/haaner-kirmes.de\/index.php\/wp-json\/wp\/v2\/comments?post=28"}],"version-history":[{"count":67,"href":"https:\/\/haaner-kirmes.de\/index.php\/wp-json\/wp\/v2\/pages\/28\/revisions"}],"predecessor-version":[{"id":1397,"href":"https:\/\/haaner-kirmes.de\/index.php\/wp-json\/wp\/v2\/pages\/28\/revisions\/1397"}],"wp:attachment":[{"href":"https:\/\/haaner-kirmes.de\/index.php\/wp-json\/wp\/v2\/media?parent=28"}],"curies":[{"name":"wp","href":"https:\/\/api.w.org\/{rel}","templated":true}]}}