{"id":540,"date":"2019-04-06T14:10:21","date_gmt":"2019-04-06T12:10:21","guid":{"rendered":"https:\/\/www.haantv.de\/?page_id=540"},"modified":"2021-09-21T13:41:36","modified_gmt":"2021-09-21T11:41:36","slug":"the-real-nessy","status":"publish","type":"page","link":"https:\/\/haaner-kirmes.de\/index.php\/the-real-nessy\/","title":{"rendered":"The Real Nessy"},"content":{"rendered":"\n<figure class=\"wp-block-image\"><img loading=\"lazy\" width=\"1024\" height=\"753\" src=\"https:\/\/www.haantv.de\/wp-content\/uploads\/2019\/04\/nessy-1024x753.jpg\" alt=\"The Real Nessy\" class=\"wp-image-583\" srcset=\"https:\/\/haaner-kirmes.de\/wp-content\/uploads\/2019\/04\/nessy-1024x753.jpg 1024w, https:\/\/haaner-kirmes.de\/wp-content\/uploads\/2019\/04\/nessy-300x221.jpg 300w, https:\/\/haaner-kirmes.de\/wp-content\/uploads\/2019\/04\/nessy-768x565.jpg 768w\" sizes=\"(max-width: 1024px) 100vw, 1024px\" \/><figcaption>Das spritzige Vergn\u00fcgen<\/figcaption><\/figure>\n\n\n\n<p>Kaiserstra\u00dfe 5<br>Das spritzige Vergn\u00fcgen, Markmann &amp; S\u00f6hne GbR<\/p>\n\n\n\n<p><\/p>\n","protected":false},"excerpt":{"rendered":"<p>Kaiserstra\u00dfe 5Das spritzige Vergn\u00fcgen, Markmann &amp; S\u00f6hne GbR<\/p>\n","protected":false},"author":1,"featured_media":0,"parent":0,"menu_order":0,"comment_status":"closed","ping_status":"closed","template":"","meta":[],"_links":{"self":[{"href":"https:\/\/haaner-kirmes.de\/index.php\/wp-json\/wp\/v2\/pages\/540"}],"collection":[{"href":"https:\/\/haaner-kirmes.de\/index.php\/wp-json\/wp\/v2\/pages"}],"about":[{"href":"https:\/\/haaner-kirmes.de\/index.php\/wp-json\/wp\/v2\/types\/page"}],"author":[{"embeddable":true,"href":"https:\/\/haaner-kirmes.de\/index.php\/wp-json\/wp\/v2\/users\/1"}],"replies":[{"embeddable":true,"href":"https:\/\/haaner-kirmes.de\/index.php\/wp-json\/wp\/v2\/comments?post=540"}],"version-history":[{"count":6,"href":"https:\/\/haaner-kirmes.de\/index.php\/wp-json\/wp\/v2\/pages\/540\/revisions"}],"predecessor-version":[{"id":769,"href":"https:\/\/haaner-kirmes.de\/index.php\/wp-json\/wp\/v2\/pages\/540\/revisions\/769"}],"wp:attachment":[{"href":"https:\/\/haaner-kirmes.de\/index.php\/wp-json\/wp\/v2\/media?parent=540"}],"curies":[{"name":"wp","href":"https:\/\/api.w.org\/{rel}","templated":true}]}}