{"id":69,"date":"2018-12-20T15:11:15","date_gmt":"2018-12-20T14:11:15","guid":{"rendered":"http:\/\/www.haantv.de\/?page_id=69"},"modified":"2023-11-22T11:20:57","modified_gmt":"2023-11-22T10:20:57","slug":"geschichte","status":"publish","type":"page","link":"https:\/\/haaner-kirmes.de\/index.php\/geschichte\/","title":{"rendered":"Geschichte"},"content":{"rendered":"\n<p><strong>Etwas zur Geschichte der Haaner Kirmes<\/strong><\/p>\n\n\n\n<figure class=\"wp-block-image alignwide\"><img loading=\"lazy\" width=\"640\" height=\"307\" src=\"http:\/\/www.haantv.de\/wp-content\/uploads\/2018\/12\/header_geschichte.jpg\" alt=\"\" class=\"wp-image-20\" srcset=\"https:\/\/haaner-kirmes.de\/wp-content\/uploads\/2018\/12\/header_geschichte.jpg 640w, https:\/\/haaner-kirmes.de\/wp-content\/uploads\/2018\/12\/header_geschichte-300x144.jpg 300w\" sizes=\"(max-width: 640px) 100vw, 640px\" \/><figcaption>Haaner Kirmes\n\u00e4ltestes Fotodokument im Haaner Stadtarchiv stammt von 1908. Das &#8222;Venezianische Kurvenschiff&#8220; auf dem alten Kirchplatz.<\/figcaption><\/figure>\n\n\n\n<button id=\"bb1\" type=\"button\" value=\"Play\" class=\"responsivevoice-button\" title=\"ResponsiveVoice Tap to Start\/Stop Speech\"><span>&#128266; Play<\/span><\/button>\n        <script>\n            bb1.onclick = function(){\n                if(responsiveVoice.isPlaying()){\n                    responsiveVoice.cancel();\n                }else{\n                    responsiveVoice.speak(\"Nach Auffassung von Geschichtsforschern reicht die Tradition der Haaner Kirmes \u00fcber 600 Jahre ins Mittelalter zur\u00fcck. Aus dem Jahre 1386 n\u00e4mlich stammt der \u00e4lteste urkundliche Nachweis einer \u00dcberpr\u00fcfung der Ma\u00dfe und Gewichte zum Backen und Brauen durch k\u00f6lnische Lehnstr\u00e4ger, die Ritter von Elberfeld. Das spricht f\u00fcr die Existenz eines Jahrmarktes, denn f\u00fcr einen normalen Handel h\u00e4tten z.B. Raumma\u00dfe f\u00fcr den Getreideverkauf \u00fcberpr\u00fcft werden m\u00fcssen. Das Wort \u201eJahrmarkt\u201c erscheint erstmals in einer Urkunde aus dem Jahr 1715.Anhand geschichtlicher Aspekte gehen die Forscher gar davon aus, dass die Wurzeln der Haaner Kirmes bis in die Zeit der Sachsenfeldz\u00fcge des 8. und 9. Jahrhunderts zur\u00fcckreichen. Die Reichstruppen Karls des Gro\u00dfen biwakierten mutma\u00dflich kurz vor der feindlichen Grenze \u2013 sie verlief bei Wuppertal \u2013 Sonnborn, wenige Kilometer \u00f6stlich von Haan \u2013 und wurden hier noch einmal mit Marketenderwaren versorgt. Damit w\u00e4re ein Jahrmarkt in Friedenszeiten geboren worden. Ein weiterer st\u00e4dtebaulicher Aspekt spricht f\u00fcr diese Annahme:F\u00fcr eine Dorfstra\u00dfe ist die auch im Mittelalter schon so genannte Kaiserstra\u00dfe au\u00dfergew\u00f6hnlich breit. Zusammen mit dem heutigen Alten Markt h\u00e4tte sie genug Platz geboten, einer 10.000 Mann starken karolingischen Armee und den f\u00fcr die Vorsorgung n\u00f6tigen H\u00e4ndlern als Festplatz zu dienen. Wussten Sie schon?Wichtig f\u00fcr den Beginn der Haaner Kirmes ist, dass der letzte Veranstaltungstag \u2013 also der Dienstag \u2013 immer noch in den September fallen muss. In der Nacht vom Donnerstag auf den Freitag vor der Kirmes wird die Bundesstra\u00dfe 228 im Ortskern gesperrt, damit die Schausteller dort ihre Gesch\u00e4fte aufbauen k\u00f6nnen. F\u00fcr die \u201eHaaner\u201c beginnt die Kirmeszeit schon mit der Anreise der ersten Wohnwagen, die auf den Wohnwagenpl\u00e4tzen in der Innenstadt (Parkfl\u00e4chen, Gr\u00fcnanlagen und Schulh\u00f6fe) ihren Platz finden. Viele Stammbeschicker haben deshalb Freunde und Bekannte in der Haaner Bev\u00f6lkerung, und regelm\u00e4\u00dfige Besuche finden nicht nur zur Kirmeszeit statt. Der erste H\u00f6hepunkt ist dann der Mittwoch vor dem eigentlichen Beginn der Kirmes, wenn ab dem Nachmittag auf den Pl\u00e4tzen die gro\u00dfen Fahrgesch\u00e4fte mit dem Aufbau beginnen d\u00fcrfen. F\u00fcr die Schausteller jedes Mal eine gro\u00dfe Herausforderung auf engstem Raum zu rangieren und zu hantieren und ein spannendes Schauspiel f\u00fcr die Haaner Familien vom Enkel bis zu den Gro\u00dfeltern. Der Kirmesmontag ist der \u201eFeiertag\u201c f\u00fcr alle Haaner. Das \u00f6ffentliche Leben kommt vollst\u00e4ndig zum Erliegen. Es gibt schulfrei, Banken, Gesch\u00e4fte und die Verwaltung schlie\u00dfen bereits um 10.00 Uhr oder sp\u00e4testens am Mittag, um dann die Kirmes in \u201evollen Z\u00fcgen bis zum Abwinken\u201c genie\u00dfen zu k\u00f6nnen. Die Haaner Kirmes z\u00e4hlt in Schaustellerkreisen mit zu den bedeutendsten Veranstaltungen in Deutschland. Alle Fahrgesch\u00e4fte, Imbisse usw. l\u00fcckenlos aneinandergereiht erg\u00e4ben eine L\u00e4nge von fast 2 Kilometern. Die reine bebaute Fl\u00e4che betr\u00e4gt rd. 35.000 qm. Die j\u00e4hrliche Besucherzahl wird auf ca. 400.000 gesch\u00e4tzt.\", \"Deutsch Female\");\n                }\n            };\n        <\/script>\n    Nach Auffassung von Geschichtsforschern reicht die Tradition der Haaner Kirmes \u00fcber 600 Jahre ins Mittelalter zur\u00fcck. Aus dem Jahre 1386 n\u00e4mlich stammt der \u00e4lteste urkundliche Nachweis einer \u00dcberpr\u00fcfung der Ma\u00dfe und Gewichte zum Backen und Brauen durch k\u00f6lnische Lehnstr\u00e4ger, die Ritter von Elberfeld.<\/p>\n\n\n\n<p>Das spricht f\u00fcr die Existenz eines Jahrmarktes, denn f\u00fcr einen normalen Handel h\u00e4tten z.B. Raumma\u00dfe f\u00fcr den Getreideverkauf \u00fcberpr\u00fcft werden m\u00fcssen.<\/p>\n\n\n\n<p>Das Wort \u201eJahrmarkt\u201c erscheint erstmals in einer Urkunde aus dem Jahr 1715.<br>Anhand geschichtlicher Aspekte gehen die Forscher gar davon aus, dass die Wurzeln der Haaner Kirmes bis in die Zeit der Sachsenfeldz\u00fcge des 8. und 9. Jahrhunderts zur\u00fcckreichen.<\/p>\n\n\n\n<p>Die Reichstruppen Karls des Gro\u00dfen biwakierten mutma\u00dflich kurz vor der feindlichen Grenze \u2013 sie verlief bei Wuppertal \u2013 Sonnborn, wenige Kilometer \u00f6stlich von Haan \u2013 und wurden hier noch einmal mit Marketenderwaren versorgt. Damit w\u00e4re ein Jahrmarkt in Friedenszeiten geboren worden.<\/p>\n\n\n\n<p>Ein weiterer st\u00e4dtebaulicher Aspekt spricht f\u00fcr diese Annahme:<br>F\u00fcr eine Dorfstra\u00dfe ist die auch im Mittelalter schon so genannte Kaiserstra\u00dfe au\u00dfergew\u00f6hnlich breit. Zusammen mit dem heutigen Alten Markt h\u00e4tte sie genug Platz geboten, einer 10.000 Mann starken karolingischen Armee und den f\u00fcr die Vorsorgung n\u00f6tigen H\u00e4ndlern als Festplatz zu dienen.<\/p>\n\n\n\n<p><strong>Wussten Sie schon?<\/strong><br>Wichtig f\u00fcr den Beginn der Haaner Kirmes ist, dass der letzte Veranstaltungstag \u2013 also der Dienstag \u2013 immer noch in den September fallen muss.<\/p>\n\n\n\n<p>In der Nacht vom Donnerstag auf den Freitag vor der Kirmes wird die Bundesstra\u00dfe 228 im Ortskern gesperrt, damit die Schausteller dort ihre Gesch\u00e4fte aufbauen k\u00f6nnen.<\/p>\n\n\n\n<p>F\u00fcr die \u201eHaaner\u201c beginnt die Kirmeszeit schon mit der Anreise der ersten Wohnwagen, die auf den Wohnwagenpl\u00e4tzen in der Innenstadt (Parkfl\u00e4chen, Gr\u00fcnanlagen und Schulh\u00f6fe) ihren Platz finden. Viele Stammbeschicker haben deshalb Freunde und Bekannte in der Haaner Bev\u00f6lkerung, und regelm\u00e4\u00dfige Besuche finden nicht nur zur Kirmeszeit statt.<\/p>\n\n\n\n<p>Der erste H\u00f6hepunkt ist dann der Mittwoch vor dem eigentlichen Beginn der Kirmes, wenn ab dem Nachmittag auf den Pl\u00e4tzen die gro\u00dfen Fahrgesch\u00e4fte mit dem Aufbau beginnen d\u00fcrfen. F\u00fcr die Schausteller jedes Mal eine gro\u00dfe Herausforderung auf engstem Raum zu rangieren und zu hantieren und ein spannendes Schauspiel f\u00fcr die Haaner Familien vom Enkel bis zu den Gro\u00dfeltern.<\/p>\n\n\n\n<p>Der Kirmesmontag ist der \u201eFeiertag\u201c f\u00fcr alle Haaner. Das \u00f6ffentliche Leben kommt vollst\u00e4ndig zum Erliegen. Es gibt schulfrei, Banken, Gesch\u00e4fte und die Verwaltung schlie\u00dfen bereits um 10.00 Uhr oder sp\u00e4testens am Mittag, um dann die Kirmes in \u201evollen Z\u00fcgen bis zum Abwinken\u201c genie\u00dfen zu k\u00f6nnen.<\/p>\n\n\n\n<p>Die Haaner Kirmes z\u00e4hlt in Schaustellerkreisen mit zu den bedeutendsten Veranstaltungen in Deutschland.<\/p>\n\n\n\n<p>Alle Fahrgesch\u00e4fte, Imbisse usw. l\u00fcckenlos aneinandergereiht erg\u00e4ben eine L\u00e4nge von fast 2 Kilometern. Die reine bebaute Fl\u00e4che betr\u00e4gt rd. 35.000 qm.<\/p>\n\n\n\n<p>Die j\u00e4hrliche Besucherzahl wird auf ca. 400.000 gesch\u00e4tzt. <br>\n\n\n\n<h1>Das \u00e4lteste Bild,  die sch\u00f6nste Geschichte. <\/h1>\n\n\n\n<h2><\/h2>\n\n\n\n<p>Die Stadtverwaltung nimmt f\u00fcr ihr Archiv gerne und zu jeder Zeit alte Exponate, Bilder und Geschichten \u00fcber die Haaner Kirmes an.<br>\nBitte setzen Sie sich mit<\/p>\n\n\n\n<p>Frau Andrea Kotthaus<br>Tel. 02129\/911-160<\/p>\n\n\n\n<p>in Verbindung!<\/p>\n\n\n\n<p><\/p>\n","protected":false},"excerpt":{"rendered":"<p>Etwas zur Geschichte der Haaner Kirmes Das \u00e4lteste Bild, die sch\u00f6nste Geschichte. Die Stadtverwaltung nimmt f\u00fcr ihr Archiv gerne und zu jeder Zeit alte Exponate, Bilder und Geschichten \u00fcber die Haaner Kirmes an. Bitte setzen Sie sich mit Frau Andrea KotthausTel. 02129\/911-160 in Verbindung!<\/p>\n","protected":false},"author":1,"featured_media":0,"parent":0,"menu_order":0,"comment_status":"closed","ping_status":"closed","template":"","meta":[],"_links":{"self":[{"href":"https:\/\/haaner-kirmes.de\/index.php\/wp-json\/wp\/v2\/pages\/69"}],"collection":[{"href":"https:\/\/haaner-kirmes.de\/index.php\/wp-json\/wp\/v2\/pages"}],"about":[{"href":"https:\/\/haaner-kirmes.de\/index.php\/wp-json\/wp\/v2\/types\/page"}],"author":[{"embeddable":true,"href":"https:\/\/haaner-kirmes.de\/index.php\/wp-json\/wp\/v2\/users\/1"}],"replies":[{"embeddable":true,"href":"https:\/\/haaner-kirmes.de\/index.php\/wp-json\/wp\/v2\/comments?post=69"}],"version-history":[{"count":13,"href":"https:\/\/haaner-kirmes.de\/index.php\/wp-json\/wp\/v2\/pages\/69\/revisions"}],"predecessor-version":[{"id":1208,"href":"https:\/\/haaner-kirmes.de\/index.php\/wp-json\/wp\/v2\/pages\/69\/revisions\/1208"}],"wp:attachment":[{"href":"https:\/\/haaner-kirmes.de\/index.php\/wp-json\/wp\/v2\/media?parent=69"}],"curies":[{"name":"wp","href":"https:\/\/api.w.org\/{rel}","templated":true}]}}