{"id":82,"date":"2018-12-20T15:17:21","date_gmt":"2018-12-20T14:17:21","guid":{"rendered":"http:\/\/www.haantv.de\/?page_id=82"},"modified":"2025-12-17T14:01:03","modified_gmt":"2025-12-17T13:01:03","slug":"impressum","status":"publish","type":"page","link":"https:\/\/haaner-kirmes.de\/index.php\/impressum\/","title":{"rendered":"Impressum"},"content":{"rendered":"\n<h2 class=\"has-medium-font-size\">ANBIETERKENNZEICHNUNG NACH \u00a7 5 TELEMEDIENGESETZ (TMG):<\/h2>\n\n\n\n<h3>Herausgeber des Internetauftritts:<\/h3>\n\n\n\n<p>Stadt Haan<br>Der B\u00fcrgermeister<br>Kaiserstra\u00dfe 85<br>42781 Haan<br>Tel: +49 (2129) 911-0&nbsp;<br>Fax: + 49 (2129) 911-590<br>E-Mail:&nbsp;<a href=\"mailto:post@stadt-haan.de\">post@stadt-haan.de<\/a><br>Homepage:&nbsp;<a rel=\"noreferrer noopener\" target=\"_blank\" href=\"https:\/\/www.haan.de\/\">https:\/\/www.haan.de<\/a><\/p>\n\n\n\n<p>Ust-Id-Nr. DE121396732<\/p>\n\n\n\n<p>Die Stadt Haan ist eine K\u00f6rperschaft des \u00d6ffentlichen Rechts.<br>Sie wird vertreten durch den B\u00fcrgermeister Vincent Endere\u00df.<\/p>\n\n\n\n<p><\/p>\n\n\n\n<figure class=\"wp-block-image alignwide\"><img src=\"\/wp-content\/uploads\/2021\/09\/IMG_20210603_074637-scaled.jpg\" alt=\"\" class=\"wp-image-152\"\/><\/figure>\n\n\n\n<p><\/p>\n\n\n\n<p>Die Haaner Kirmes wird von der Stadt Haan organisiert.<br>Zust\u00e4ndig ist das  Amt f\u00fcr Brandschutz, Recht und \u00f6ffentliche Ordnung.<\/p>\n\n\n\n<p>Postanschrift:<\/p>\n\n\n\n<p>Stadt Haan<br>Amt f\u00fcr Brandschutz, Recht und \u00f6ffentliche Ordnung<br>Kaiserstr. 85<br>42781 Haan<\/p>\n\n\n\n<p>Telefon (Zentrale): 02129 \/ 911-0<br>\nFax: 02129 \/ 911-590<\/p>\n\n\n\n<p><strong>Auskunft erteilen:<\/strong><\/p>\n\n\n\n<p>Frau Kotthaus, Tel. 02129\/911-160 <br>e-mail: kirmes@stadt-haan.de<\/p>\n\n\n\n<p><\/p>\n\n\n\n<p><strong>Inhalt des Onlineangebotes<\/strong><\/p>\n\n\n\n<p>Der Autor \u00fcbernimmt keinerlei Gew\u00e4hr f\u00fcr die Aktualit\u00e4t, Korrektheit, Vollst\u00e4ndigkeit oder Qualit\u00e4t der bereitgestellten Informationen. Haftungsanspr\u00fcche gegen den Autor, welche sich auf Sch\u00e4den materieller oder ideeller Art beziehen, die durch die Nutzung oder Nichtnutzung der dargebotenen Informationen bzw. durch die Nutzung fehlerhafter und unvollst\u00e4ndiger Informationen verursacht wurden, sind grunds\u00e4tzlich ausgeschlossen, sofern seitens des Autors kein nachweislich vors\u00e4tzliches oder grob fahrl\u00e4ssiges Verschulden<br>\nvorliegt.<br>\nAlle Angebote sind freibleibend und unverbindlich. Der Autor beh\u00e4lt es sich ausdr\u00fccklich vor, Teile der Seiten oder das gesamte Angebot ohne gesonderte Ank\u00fcndigung zu ver\u00e4ndern, zu erg\u00e4nzen, zu l\u00f6schen oder die Ver\u00f6ffentlichung zeitweise oder endg\u00fcltig<br>\neinzustellen.<\/p>\n\n\n\n<p><strong>Verweise und Links<\/strong><\/p>\n\n\n\n<p>Bei direkten oder indirekten Verweisen auf fremde Internetseiten (\u201cLinks\u201d), die au\u00dferhalb des Verantwortungsbereiches des Autors liegen, w\u00fcrde eine Haftungsverpflichtung ausschlie\u00dflich in dem Fall in Kraft treten, in dem der Autor von den Inhalten Kenntnis hat und es ihm technisch m\u00f6glich und zumutbar w\u00e4re, die Nutzung im Falle rechtswidriger Inhalte zu verhindern.<\/p>\n\n\n\n<p>Der Autor erkl\u00e4rt hiermit ausdr\u00fccklich, dass zum Zeitpunkt der Linksetzung keine illegalen Inhalte auf den zu verlinkenden Seiten erkennbar waren. Auf die aktuelle und zuk\u00fcnftige Gestaltung, die Inhalte oder die Urheberschaft der verlinkten Seiten hat der Autor keinerlei Einfluss. Deshalb distanziert er sich hiermit ausdr\u00fccklich von allen Inhalten aller Seiten, die nach der Linksetzung ver\u00e4ndert wurden. Diese Feststellung gilt f\u00fcr alle innerhalb des eigenen Internetangebotes gesetzten Links und Verweise sowie f\u00fcr Fremdeintr\u00e4ge in das vom Autor eingerichtete G\u00e4stebuch. F\u00fcr illegale, fehlerhafte oder unvollst\u00e4ndige Inhalte und insbesondere f\u00fcr Sch\u00e4den, die aus der Nutzung oder<br>\nNichtnutzung solcherart dargebotener Informationen entstehen, haftet allein der Anbieter der Seite, auf welche verwiesen wurde, nicht derjenige, der \u00fcber Links auf die jeweilige Ver\u00f6ffentlichung lediglich verweist.<\/p>\n\n\n\n<p><strong>Realisation<\/strong><\/p>\n\n\n\n<p>HSL SystemDesign GmbH<br>Walder Stra\u00dfe 5-7<br>42781 Haan<\/p>\n\n\n\n<p>Telefon 02129 \/ 915-0<br>\nFax 02129 \/ 915-123<\/p>\n\n\n\n<p>E-Mail info[at]hsl.com<\/p>\n","protected":false},"excerpt":{"rendered":"<p>ANBIETERKENNZEICHNUNG NACH \u00a7 5 TELEMEDIENGESETZ (TMG): Herausgeber des Internetauftritts: Stadt HaanDer B\u00fcrgermeisterKaiserstra\u00dfe 8542781 HaanTel: +49 (2129) 911-0&nbsp;Fax: + 49 (2129) 911-590E-Mail:&nbsp;post@stadt-haan.deHomepage:&nbsp;https:\/\/www.haan.de Ust-Id-Nr. DE121396732 Die Stadt Haan ist eine K\u00f6rperschaft des \u00d6ffentlichen Rechts.Sie wird vertreten durch den B\u00fcrgermeister Vincent Endere\u00df. Die Haaner Kirmes wird von der Stadt Haan organisiert.Zust\u00e4ndig ist das Amt f\u00fcr Brandschutz, Recht und &#8230; <a title=\"Impressum\" class=\"read-more\" href=\"https:\/\/haaner-kirmes.de\/index.php\/impressum\/\" aria-label=\"Mehr zu Impressum\">Read more<\/a><\/p>\n","protected":false},"author":1,"featured_media":0,"parent":0,"menu_order":0,"comment_status":"closed","ping_status":"closed","template":"","meta":[],"_links":{"self":[{"href":"https:\/\/haaner-kirmes.de\/index.php\/wp-json\/wp\/v2\/pages\/82"}],"collection":[{"href":"https:\/\/haaner-kirmes.de\/index.php\/wp-json\/wp\/v2\/pages"}],"about":[{"href":"https:\/\/haaner-kirmes.de\/index.php\/wp-json\/wp\/v2\/types\/page"}],"author":[{"embeddable":true,"href":"https:\/\/haaner-kirmes.de\/index.php\/wp-json\/wp\/v2\/users\/1"}],"replies":[{"embeddable":true,"href":"https:\/\/haaner-kirmes.de\/index.php\/wp-json\/wp\/v2\/comments?post=82"}],"version-history":[{"count":17,"href":"https:\/\/haaner-kirmes.de\/index.php\/wp-json\/wp\/v2\/pages\/82\/revisions"}],"predecessor-version":[{"id":1376,"href":"https:\/\/haaner-kirmes.de\/index.php\/wp-json\/wp\/v2\/pages\/82\/revisions\/1376"}],"wp:attachment":[{"href":"https:\/\/haaner-kirmes.de\/index.php\/wp-json\/wp\/v2\/media?parent=82"}],"curies":[{"name":"wp","href":"https:\/\/api.w.org\/{rel}","templated":true}]}}