{"id":91,"date":"2018-12-20T15:21:04","date_gmt":"2018-12-20T14:21:04","guid":{"rendered":"http:\/\/www.haantv.de\/?page_id=91"},"modified":"2025-06-02T20:20:39","modified_gmt":"2025-06-02T18:20:39","slug":"fahrgeschaefte","status":"publish","type":"page","link":"https:\/\/haaner-kirmes.de\/index.php\/fahrgeschaefte\/","title":{"rendered":"Fahrgesch\u00e4fte"},"content":{"rendered":"\n<p>Auf Grund der Vielfalt der Fahrgesch\u00e4fte ist f\u00fcr jeden Besucher etwas dabei! Neben den altbew\u00e4hrten und doch top aktuellen Attraktionen bietet die Haaner Kirmes 2025 gleich\u00a0<strong>drei <\/strong>Neuheiten, die f\u00fcr noch mehr Vergn\u00fcgen sorgen. \u00dcberzeugen Sie sich selbst! <\/p>\n\n\n\n<div class=\"wp-block-image\"><figure class=\"aligncenter is-resized\"><img loading=\"lazy\" src=\"https:\/\/www.haantv.de\/wp-content\/uploads\/2019\/04\/header_fahrgeschaefte.jpg\" alt=\"\" class=\"wp-image-478\" width=\"1066\" height=\"801\" srcset=\"https:\/\/haaner-kirmes.de\/wp-content\/uploads\/2019\/04\/header_fahrgeschaefte.jpg 526w, https:\/\/haaner-kirmes.de\/wp-content\/uploads\/2019\/04\/header_fahrgeschaefte-300x225.jpg 300w\" sizes=\"(max-width: 1066px) 100vw, 1066px\" \/><\/figure><\/div>\n","protected":false},"excerpt":{"rendered":"<p>Auf Grund der Vielfalt der Fahrgesch\u00e4fte ist f\u00fcr jeden Besucher etwas dabei! Neben den altbew\u00e4hrten und doch top aktuellen Attraktionen bietet die Haaner Kirmes 2025 gleich\u00a0drei Neuheiten, die f\u00fcr noch mehr Vergn\u00fcgen sorgen. \u00dcberzeugen Sie sich selbst!<\/p>\n","protected":false},"author":1,"featured_media":0,"parent":0,"menu_order":0,"comment_status":"closed","ping_status":"closed","template":"","meta":[],"_links":{"self":[{"href":"https:\/\/haaner-kirmes.de\/index.php\/wp-json\/wp\/v2\/pages\/91"}],"collection":[{"href":"https:\/\/haaner-kirmes.de\/index.php\/wp-json\/wp\/v2\/pages"}],"about":[{"href":"https:\/\/haaner-kirmes.de\/index.php\/wp-json\/wp\/v2\/types\/page"}],"author":[{"embeddable":true,"href":"https:\/\/haaner-kirmes.de\/index.php\/wp-json\/wp\/v2\/users\/1"}],"replies":[{"embeddable":true,"href":"https:\/\/haaner-kirmes.de\/index.php\/wp-json\/wp\/v2\/comments?post=91"}],"version-history":[{"count":8,"href":"https:\/\/haaner-kirmes.de\/index.php\/wp-json\/wp\/v2\/pages\/91\/revisions"}],"predecessor-version":[{"id":1333,"href":"https:\/\/haaner-kirmes.de\/index.php\/wp-json\/wp\/v2\/pages\/91\/revisions\/1333"}],"wp:attachment":[{"href":"https:\/\/haaner-kirmes.de\/index.php\/wp-json\/wp\/v2\/media?parent=91"}],"curies":[{"name":"wp","href":"https:\/\/api.w.org\/{rel}","templated":true}]}}