{"id":95,"date":"2018-12-20T15:21:34","date_gmt":"2018-12-20T14:21:34","guid":{"rendered":"http:\/\/www.haantv.de\/?page_id=95"},"modified":"2025-09-06T15:03:52","modified_gmt":"2025-09-06T13:03:52","slug":"imbiss","status":"publish","type":"page","link":"https:\/\/haaner-kirmes.de\/index.php\/imbiss\/","title":{"rendered":"Imbi\u00df"},"content":{"rendered":"\n<p>Auf der Haaner Kirmes braucht niemand zu hungern oder zu dursten. F\u00fcr das leibliche Wohl der Besucher sind die Schausteller mit mehr als 50 Imbissbetrieben bestens ger\u00fcstet. Das Angebot ist vielf\u00e4ltig und schmackhaft und einfach gigantisch. Hier ein paar Beispiele:<\/p>\n\n\n\n<p><strong>Jetzt noch gr\u00f6\u00dfer:<\/strong>&nbsp;Unser Weindorf mit ausgesuchten Moselweinen betrieben von Winzer Norbert Kallfels aus Kr\u00f6v<\/p>\n\n\n\n<p><strong>Neu:<\/strong>&nbsp;Original Flammlachs und Pasta aus dem K\u00e4selaib <\/p>\n\n\n\n<p><strong>Traber\u00b4s Flanksteak und Kartoffelpoppers mit hausgemachten Dips<\/strong><\/p>\n\n\n\n<p>Nat\u00fcrlich auch die Spezialit\u00e4ten zubereitet in der Riesenpfanne, Prager Schinken, Gem\u00fcse in Bierteig,<\/p>\n\n\n\n<p>Ofenkartoffeln mit verschiedenen F\u00fcllungen, Fischvarianten warm und kalt, Maiskolben, Baguette, frische Laugen-Brezel, Schwarzw\u00e4lder Schinken, Landj\u00e4ger, Steaks vom Schwenkgrill, feurige Fleischspie\u00dfe, Champignons reizen den Gaumen ebenso wie Grill-, Bock- u. Bratwurst, Backfisch, Hamburger, Chinesische Spezialit\u00e4ten, Langosch, Reibekuchen, Pizza, Hot-Dog, Pommes spezial oder Erbsensuppe aus der Gulaschkanone.<\/p>\n\n\n\n<p>Nicht zu vergessen die vielen Varianten der s\u00fc\u00dfen Speisen:<\/p>\n\n\n\n<p>Pfannekuchen, Waffeln, Crepes, frische Pallen, Muzen, das ber\u00fchmte Kirmeseis, Spanische Churros, Softeis, Krapfen, Dampfnudeln, original holl\u00e4ndische Poffertjes, Baumkuchen, griechische Loukoumades <\/p>\n\n\n\n<p>Der Durst kann an einer Vielzahl von Bier- und Spezial-Ausschankbetrieben gel\u00f6scht werden, davon in sieben Schausteller-Bierg\u00e4rten ( Fuhrmanns Braukessel, Trabers Pub, Teppes Schwarzwaldh\u00fctte, Dre\u00dfens Ausschank und Cocktailbar, Hoffmanns Ausschank &#8222;Tortuga islandl&#8220;) sowie der \u201cBiergarten Zum Ritter\u201d mit t\u00e4glicher Livemusik, Leo`s Treff und die Cocktailbar von Peter Milz laden zum Verweilen ein.<\/p>\n","protected":false},"excerpt":{"rendered":"<p>Auf der Haaner Kirmes braucht niemand zu hungern oder zu dursten. F\u00fcr das leibliche Wohl der Besucher sind die Schausteller mit mehr als 50 Imbissbetrieben bestens ger\u00fcstet. Das Angebot ist vielf\u00e4ltig und schmackhaft und einfach gigantisch. Hier ein paar Beispiele: Jetzt noch gr\u00f6\u00dfer:&nbsp;Unser Weindorf mit ausgesuchten Moselweinen betrieben von Winzer Norbert Kallfels aus Kr\u00f6v Neu:&nbsp;Original &#8230; <a title=\"Imbi\u00df\" class=\"read-more\" href=\"https:\/\/haaner-kirmes.de\/index.php\/imbiss\/\" aria-label=\"Mehr zu Imbi\u00df\">Read more<\/a><\/p>\n","protected":false},"author":1,"featured_media":0,"parent":0,"menu_order":0,"comment_status":"closed","ping_status":"closed","template":"","meta":[],"_links":{"self":[{"href":"https:\/\/haaner-kirmes.de\/index.php\/wp-json\/wp\/v2\/pages\/95"}],"collection":[{"href":"https:\/\/haaner-kirmes.de\/index.php\/wp-json\/wp\/v2\/pages"}],"about":[{"href":"https:\/\/haaner-kirmes.de\/index.php\/wp-json\/wp\/v2\/types\/page"}],"author":[{"embeddable":true,"href":"https:\/\/haaner-kirmes.de\/index.php\/wp-json\/wp\/v2\/users\/1"}],"replies":[{"embeddable":true,"href":"https:\/\/haaner-kirmes.de\/index.php\/wp-json\/wp\/v2\/comments?post=95"}],"version-history":[{"count":5,"href":"https:\/\/haaner-kirmes.de\/index.php\/wp-json\/wp\/v2\/pages\/95\/revisions"}],"predecessor-version":[{"id":1363,"href":"https:\/\/haaner-kirmes.de\/index.php\/wp-json\/wp\/v2\/pages\/95\/revisions\/1363"}],"wp:attachment":[{"href":"https:\/\/haaner-kirmes.de\/index.php\/wp-json\/wp\/v2\/media?parent=95"}],"curies":[{"name":"wp","href":"https:\/\/api.w.org\/{rel}","templated":true}]}}