{"id":97,"date":"2018-12-20T15:21:51","date_gmt":"2018-12-20T14:21:51","guid":{"rendered":"http:\/\/www.haantv.de\/?page_id=97"},"modified":"2022-08-17T08:02:47","modified_gmt":"2022-08-17T06:02:47","slug":"spiel","status":"publish","type":"page","link":"https:\/\/haaner-kirmes.de\/index.php\/spiel\/","title":{"rendered":"Spiel"},"content":{"rendered":"\n<p>Zur Unterhaltung der Kirmesbesucher tragen die verschiedensten Spielbetriebe bei.<\/p>\n\n\n\n<p>Beim klassischen Entenangeln, Kamel- oder Motocross-Rennen, Ring-, Ball- und Pfeilwerfen, beim Torwandschie\u00dfen (wieder auf der Haaner Kirmes), B\u00f6mber, American Boccio, Kn\u00f6delwerfen, Froschspiel und Basketball und noch viel mehr ist die Geschicklichkeit unter Beweis zu stellen.<\/p>\n\n\n\n<p>Hau den Lukas fordert Frau und Mann.<\/p>\n\n\n\n<p>Sein Gl\u00fcck kann der Besucher an einer Gro\u00dfverlosungen herausfordern.<\/p>\n","protected":false},"excerpt":{"rendered":"<p>Zur Unterhaltung der Kirmesbesucher tragen die verschiedensten Spielbetriebe bei. Beim klassischen Entenangeln, Kamel- oder Motocross-Rennen, Ring-, Ball- und Pfeilwerfen, beim Torwandschie\u00dfen (wieder auf der Haaner Kirmes), B\u00f6mber, American Boccio, Kn\u00f6delwerfen, Froschspiel und Basketball und noch viel mehr ist die Geschicklichkeit unter Beweis zu stellen. Hau den Lukas fordert Frau und Mann. Sein Gl\u00fcck kann der &#8230; <a title=\"Spiel\" class=\"read-more\" href=\"https:\/\/haaner-kirmes.de\/index.php\/spiel\/\" aria-label=\"Mehr zu Spiel\">Read more<\/a><\/p>\n","protected":false},"author":1,"featured_media":0,"parent":0,"menu_order":0,"comment_status":"closed","ping_status":"closed","template":"","meta":[],"_links":{"self":[{"href":"https:\/\/haaner-kirmes.de\/index.php\/wp-json\/wp\/v2\/pages\/97"}],"collection":[{"href":"https:\/\/haaner-kirmes.de\/index.php\/wp-json\/wp\/v2\/pages"}],"about":[{"href":"https:\/\/haaner-kirmes.de\/index.php\/wp-json\/wp\/v2\/types\/page"}],"author":[{"embeddable":true,"href":"https:\/\/haaner-kirmes.de\/index.php\/wp-json\/wp\/v2\/users\/1"}],"replies":[{"embeddable":true,"href":"https:\/\/haaner-kirmes.de\/index.php\/wp-json\/wp\/v2\/comments?post=97"}],"version-history":[{"count":4,"href":"https:\/\/haaner-kirmes.de\/index.php\/wp-json\/wp\/v2\/pages\/97\/revisions"}],"predecessor-version":[{"id":960,"href":"https:\/\/haaner-kirmes.de\/index.php\/wp-json\/wp\/v2\/pages\/97\/revisions\/960"}],"wp:attachment":[{"href":"https:\/\/haaner-kirmes.de\/index.php\/wp-json\/wp\/v2\/media?parent=97"}],"curies":[{"name":"wp","href":"https:\/\/api.w.org\/{rel}","templated":true}]}}